{"id":7,"date":"2023-08-03T14:14:26","date_gmt":"2023-08-03T12:14:26","guid":{"rendered":"https:\/\/www.gl-audit.com\/?page_id=7"},"modified":"2023-08-08T12:20:25","modified_gmt":"2023-08-08T10:20:25","slug":"conocenos","status":"publish","type":"page","link":"https:\/\/www.gl-audit.com\/index.php\/conocenos\/","title":{"rendered":"Con\u00f3cenos"},"content":{"rendered":"\n<div class=\"wp-block-cover alignfull is-light\" style=\"min-height:600px;aspect-ratio:unset;\"><span aria-hidden=\"true\" class=\"wp-block-cover__background has-nv-light-bg-background-color has-background-dim-100 has-background-dim\"><\/span><div class=\"wp-block-cover__inner-container is-layout-flow wp-block-cover-is-layout-flow\">\n<div class=\"wp-block-group\"><div class=\"wp-block-group__inner-container is-layout-flow wp-block-group-is-layout-flow\">\n<div style=\"height:80px\" aria-hidden=\"true\" class=\"wp-block-spacer\"><\/div>\n\n\n\n<div class=\"wp-block-columns are-vertically-aligned-center is-layout-flex wp-container-core-columns-is-layout-9d6595d7 wp-block-columns-is-layout-flex\">\n<div class=\"wp-block-column is-vertically-aligned-center is-layout-flow wp-block-column-is-layout-flow\" style=\"flex-basis:50%\"><div class=\"wp-block-image size-large\">\n<figure class=\"alignright is-resized\"><img loading=\"lazy\" decoding=\"async\" src=\"https:\/\/www.gl-audit.com\/wp-content\/uploads\/2023\/08\/StockSnap_T9AY19HFC0-1024x575.jpg\" alt=\"\" class=\"wp-image-462\" width=\"687\" height=\"384\"\/><\/figure>\n<\/div><\/div>\n\n\n\n<div class=\"wp-block-column is-vertically-aligned-center is-layout-flow wp-block-column-is-layout-flow\" style=\"flex-basis:50%\">\n<h2 class=\"wp-block-heading has-neve-text-color-color has-text-color\">Nacemos de la experiencia<\/h2>\n\n\n\n<p><strong>Global &amp; Local Audit S.L.<\/strong>, es una firma de auditor\u00eda y<br>consultor\u00eda que ha sido promovida por profesionales de<br>\u00e9ste \u00e1mbito, con m\u00e1s de 25 a\u00f1os de experiencia. Sus<br>promotores han ocupado los m\u00e1s altos cargos directivos y<br>de responsabilidad en otras firmas pertenecientes a \u00e9ste<br>mismo sector de actividad.<\/p>\n\n\n\n<p>Ofrecemos servicios <strong>GLOBALES<\/strong> a todo el \u00e1mbito<br>empresarial y disponemos de un equipo con una s\u00f3lida<br>experiencia en el mundo <strong>LOCAL<\/strong>, siendo referente en este<br>campo.<\/p>\n<\/div>\n<\/div>\n\n\n\n<div style=\"height:40px\" aria-hidden=\"true\" class=\"wp-block-spacer\"><\/div>\n<\/div><\/div>\n<\/div><\/div>\n\n\n\n<div class=\"wp-block-cover alignfull is-light\" style=\"min-height:600px;aspect-ratio:unset;\"><span aria-hidden=\"true\" class=\"wp-block-cover__background has-nv-dark-bg-background-color has-background-dim-100 has-background-dim\"><\/span><div class=\"wp-block-cover__inner-container is-layout-flow wp-block-cover-is-layout-flow\">\n<div class=\"wp-block-group\"><div class=\"wp-block-group__inner-container is-layout-flow wp-block-group-is-layout-flow\">\n<div style=\"height:80px\" aria-hidden=\"true\" class=\"wp-block-spacer\"><\/div>\n\n\n\n<div class=\"wp-block-columns is-layout-flex wp-container-core-columns-is-layout-9d6595d7 wp-block-columns-is-layout-flex\">\n<div class=\"wp-block-column is-vertically-aligned-center is-layout-flow wp-block-column-is-layout-flow\" style=\"flex-basis:50%\">\n<h3 class=\"wp-block-heading has-nv-text-dark-bg-color has-text-color\"><strong>Acercar nuestra experiencia a nuestros clientes con los m\u00e1s altos est\u00e1ndares de calidad.<\/strong><\/h3>\n\n\n\n<p class=\"has-nv-site-bg-color has-text-color\"><br>Comprometidos con los m\u00e1s altos est\u00e1ndares de<br>calidad, aproximamos a nuestros clientes nuestra<br>experiencia, con una mentalidad abierta y flexible;<br>huimos de formas estandarizadas. Estos atributos junto<br>con nuestra profesionalidad, objetividad e integridad,<br>nos permiten ofrecer un buen servicio que conduce a<br>establecer relaciones de confianza con todos nuestros<br>clientes y colaboradores.<\/p>\n\n\n\n<div style=\"height:20px\" aria-hidden=\"true\" class=\"wp-block-spacer\"><\/div>\n\n\n\n<div style=\"height:20px\" aria-hidden=\"true\" class=\"wp-block-spacer\"><\/div>\n<\/div>\n\n\n\n<div class=\"wp-block-column is-vertically-aligned-center is-layout-flow wp-block-column-is-layout-flow\" style=\"flex-basis:50%\">\n<figure class=\"wp-block-image size-large is-resized\"><img loading=\"lazy\" decoding=\"async\" src=\"https:\/\/www.gl-audit.com\/wp-content\/uploads\/2023\/08\/StockSnap_LEJ7HJ5BEA-1024x683.jpg\" alt=\"\" class=\"wp-image-463\" width=\"652\" height=\"434\" srcset=\"https:\/\/www.gl-audit.com\/wp-content\/uploads\/2023\/08\/StockSnap_LEJ7HJ5BEA-1024x683.jpg 1024w, https:\/\/www.gl-audit.com\/wp-content\/uploads\/2023\/08\/StockSnap_LEJ7HJ5BEA-300x200.jpg 300w, https:\/\/www.gl-audit.com\/wp-content\/uploads\/2023\/08\/StockSnap_LEJ7HJ5BEA-768x512.jpg 768w, https:\/\/www.gl-audit.com\/wp-content\/uploads\/2023\/08\/StockSnap_LEJ7HJ5BEA-930x620.jpg 930w, https:\/\/www.gl-audit.com\/wp-content\/uploads\/2023\/08\/StockSnap_LEJ7HJ5BEA.jpg 1500w\" sizes=\"auto, (max-width: 652px) 100vw, 652px\" \/><\/figure>\n<\/div>\n<\/div>\n\n\n\n<div style=\"height:40px\" aria-hidden=\"true\" class=\"wp-block-spacer\"><\/div>\n<\/div><\/div>\n<\/div><\/div>\n\n\n\n<div class=\"wp-block-cover alignfull is-light\" style=\"min-height:420px;aspect-ratio:unset;\"><span aria-hidden=\"true\" class=\"wp-block-cover__background has-nv-site-bg-background-color has-background-dim-100 has-background-dim\"><\/span><div class=\"wp-block-cover__inner-container is-layout-flow wp-block-cover-is-layout-flow\">\n<div style=\"height:80px\" aria-hidden=\"true\" class=\"wp-block-spacer\"><\/div>\n\n\n\n<div class=\"wp-block-columns is-layout-flex wp-container-core-columns-is-layout-9d6595d7 wp-block-columns-is-layout-flex\">\n<div class=\"wp-block-column is-vertically-aligned-top ticss-4ce656f1 is-layout-flow wp-block-column-is-layout-flow\"><div class=\"wp-block-image icon-style is-style-rounded\">\n<figure class=\"alignleft size-full\"><img loading=\"lazy\" decoding=\"async\" width=\"800\" height=\"800\" src=\"https:\/\/www.gl-audit.com\/wp-content\/uploads\/2023\/08\/excelencia.png\" alt=\"\" class=\"wp-image-69\" srcset=\"https:\/\/www.gl-audit.com\/wp-content\/uploads\/2023\/08\/excelencia.png 800w, https:\/\/www.gl-audit.com\/wp-content\/uploads\/2023\/08\/excelencia-300x300.png 300w, https:\/\/www.gl-audit.com\/wp-content\/uploads\/2023\/08\/excelencia-150x150.png 150w, https:\/\/www.gl-audit.com\/wp-content\/uploads\/2023\/08\/excelencia-768x768.png 768w\" sizes=\"auto, (max-width: 800px) 100vw, 800px\" \/><\/figure>\n<\/div>\n\n\n<div style=\"height:24px\" aria-hidden=\"true\" class=\"wp-block-spacer\"><\/div>\n\n\n\n<h3 class=\"wp-block-heading alignwide has-text-align-center has-neve-text-color-color has-text-color\">Excelencia<\/h3>\n\n\n\n<p class=\"has-text-align-center\">Buscamos la excelencia en nuestro quehacer diario; la m\u00e1s alta calidad en nuestros trabajos es un pilar b\u00e1sico de nuestros servicios.<\/p>\n\n\n\n<div style=\"height:20px\" aria-hidden=\"true\" class=\"wp-block-spacer\"><\/div>\n<\/div>\n\n\n\n<div class=\"wp-block-column is-vertically-aligned-top ticss-f6fc7494 is-layout-flow wp-block-column-is-layout-flow\"><div class=\"wp-block-image icon-style is-style-rounded\">\n<figure class=\"alignleft size-full\"><img loading=\"lazy\" decoding=\"async\" width=\"800\" height=\"800\" src=\"https:\/\/www.gl-audit.com\/wp-content\/uploads\/2023\/08\/objetividad.png\" alt=\"\" class=\"wp-image-59\" srcset=\"https:\/\/www.gl-audit.com\/wp-content\/uploads\/2023\/08\/objetividad.png 800w, https:\/\/www.gl-audit.com\/wp-content\/uploads\/2023\/08\/objetividad-300x300.png 300w, https:\/\/www.gl-audit.com\/wp-content\/uploads\/2023\/08\/objetividad-150x150.png 150w, https:\/\/www.gl-audit.com\/wp-content\/uploads\/2023\/08\/objetividad-768x768.png 768w\" sizes=\"auto, (max-width: 800px) 100vw, 800px\" \/><\/figure>\n<\/div>\n\n\n<div style=\"height:24px\" aria-hidden=\"true\" class=\"wp-block-spacer\"><\/div>\n\n\n\n<h3 class=\"wp-block-heading has-text-align-center has-neve-text-color-color has-text-color\">Objetividad<\/h3>\n\n\n\n<p class=\"has-text-align-center\">Nos adaptamos a las necesidades de nuestros clientes y trabajamos con ellos en estrecha colaboraci\u00f3n manteniendo siempre la objetividad e independencia.<\/p>\n\n\n\n<div style=\"height:20px\" aria-hidden=\"true\" class=\"wp-block-spacer\"><\/div>\n<\/div>\n\n\n\n<div class=\"wp-block-column is-vertically-aligned-top ticss-a5b4df29 is-layout-flow wp-block-column-is-layout-flow\"><div class=\"wp-block-image icon-style is-style-rounded\">\n<figure class=\"alignleft size-full\"><img loading=\"lazy\" decoding=\"async\" width=\"800\" height=\"800\" src=\"https:\/\/www.gl-audit.com\/wp-content\/uploads\/2023\/08\/Confianza.png\" alt=\"\" class=\"wp-image-72\" srcset=\"https:\/\/www.gl-audit.com\/wp-content\/uploads\/2023\/08\/Confianza.png 800w, https:\/\/www.gl-audit.com\/wp-content\/uploads\/2023\/08\/Confianza-300x300.png 300w, https:\/\/www.gl-audit.com\/wp-content\/uploads\/2023\/08\/Confianza-150x150.png 150w, https:\/\/www.gl-audit.com\/wp-content\/uploads\/2023\/08\/Confianza-768x768.png 768w\" sizes=\"auto, (max-width: 800px) 100vw, 800px\" \/><\/figure>\n<\/div>\n\n\n<div style=\"height:24px\" aria-hidden=\"true\" class=\"wp-block-spacer\"><\/div>\n\n\n\n<h3 class=\"wp-block-heading has-text-align-center has-neve-text-color-color has-text-color\">Confianza<\/h3>\n\n\n\n<p class=\"has-text-align-center\">Crear y desarrollar confianza es esencial con nuestros<br>clientes, es la base de nuestra relaci\u00f3n con ellos.<\/p>\n\n\n\n<div style=\"height:20px\" aria-hidden=\"true\" class=\"wp-block-spacer\"><\/div>\n<\/div>\n\n\n\n<div class=\"wp-block-column is-vertically-aligned-top ticss-a5b4df29 is-layout-flow wp-block-column-is-layout-flow\"><div class=\"wp-block-image icon-style is-style-rounded\">\n<figure class=\"alignleft size-full\"><img loading=\"lazy\" decoding=\"async\" width=\"800\" height=\"800\" src=\"https:\/\/www.gl-audit.com\/wp-content\/uploads\/2023\/08\/integridad.png\" alt=\"\" class=\"wp-image-74\" srcset=\"https:\/\/www.gl-audit.com\/wp-content\/uploads\/2023\/08\/integridad.png 800w, https:\/\/www.gl-audit.com\/wp-content\/uploads\/2023\/08\/integridad-300x300.png 300w, https:\/\/www.gl-audit.com\/wp-content\/uploads\/2023\/08\/integridad-150x150.png 150w, https:\/\/www.gl-audit.com\/wp-content\/uploads\/2023\/08\/integridad-768x768.png 768w\" sizes=\"auto, (max-width: 800px) 100vw, 800px\" \/><\/figure>\n<\/div>\n\n\n<div style=\"height:24px\" aria-hidden=\"true\" class=\"wp-block-spacer\"><\/div>\n\n\n\n<h3 class=\"wp-block-heading has-text-align-center has-neve-text-color-color has-text-color\">Integridad<\/h3>\n\n\n\n<p class=\"has-text-align-center\">El respeto por los dem\u00e1s, la responsabilidad, la disciplina, la<br>firmeza en nuestras acciones y la honestidad gu\u00edan<br>nuestras actuaciones.<\/p>\n\n\n\n<div style=\"height:20px\" aria-hidden=\"true\" class=\"wp-block-spacer\"><\/div>\n<\/div>\n<\/div>\n\n\n\n<div class=\"wp-block-cover alignfull is-light\" style=\"min-height:97px;aspect-ratio:unset;\"><span aria-hidden=\"true\" class=\"wp-block-cover__background has-nv-dark-bg-background-color has-background-dim-100 has-background-dim\"><\/span><div class=\"wp-block-cover__inner-container is-layout-flow wp-block-cover-is-layout-flow\">\n<p class=\"has-text-align-center has-nv-site-bg-color has-nv-dark-bg-background-color has-text-color has-background has-small-font-size\"><strong>Global &amp;<kbd> <\/kbd>Local Audit SL &#8211; Copyright 2023. <\/strong><br><a href=\"https:\/\/www.gl-audit.com\/index.php\/politica-privacidad\/\"><strong>Pol\u00edtica de privacidad.<\/strong><\/a><\/p>\n<\/div><\/div>\n\n\n\n<div style=\"height:30px\" aria-hidden=\"true\" class=\"wp-block-spacer\"><\/div>\n<\/div><\/div>\n","protected":false},"excerpt":{"rendered":"","protected":false},"author":1,"featured_media":0,"parent":0,"menu_order":0,"comment_status":"closed","ping_status":"closed","template":"","meta":{"neve_meta_sidebar":"","neve_meta_container":"","neve_meta_enable_content_width":"on","neve_meta_content_width":100,"neve_meta_title_alignment":"","neve_meta_author_avatar":"","neve_post_elements_order":"","neve_meta_disable_header":"off","neve_meta_disable_footer":"on","neve_meta_disable_title":"on","footnotes":""},"class_list":["post-7","page","type-page","status-publish","hentry"],"_links":{"self":[{"href":"https:\/\/www.gl-audit.com\/index.php\/wp-json\/wp\/v2\/pages\/7","targetHints":{"allow":["GET"]}}],"collection":[{"href":"https:\/\/www.gl-audit.com\/index.php\/wp-json\/wp\/v2\/pages"}],"about":[{"href":"https:\/\/www.gl-audit.com\/index.php\/wp-json\/wp\/v2\/types\/page"}],"author":[{"embeddable":true,"href":"https:\/\/www.gl-audit.com\/index.php\/wp-json\/wp\/v2\/users\/1"}],"replies":[{"embeddable":true,"href":"https:\/\/www.gl-audit.com\/index.php\/wp-json\/wp\/v2\/comments?post=7"}],"version-history":[{"count":12,"href":"https:\/\/www.gl-audit.com\/index.php\/wp-json\/wp\/v2\/pages\/7\/revisions"}],"predecessor-version":[{"id":464,"href":"https:\/\/www.gl-audit.com\/index.php\/wp-json\/wp\/v2\/pages\/7\/revisions\/464"}],"wp:attachment":[{"href":"https:\/\/www.gl-audit.com\/index.php\/wp-json\/wp\/v2\/media?parent=7"}],"curies":[{"name":"wp","href":"https:\/\/api.w.org\/{rel}","templated":true}]}}