{"id":6,"date":"2023-08-03T14:14:26","date_gmt":"2023-08-03T12:14:26","guid":{"rendered":"https:\/\/www.gl-audit.com\/?page_id=6"},"modified":"2023-08-08T11:54:57","modified_gmt":"2023-08-08T09:54:57","slug":"inicio","status":"publish","type":"page","link":"https:\/\/www.gl-audit.com\/","title":{"rendered":"Inicio"},"content":{"rendered":"\n<div style=\"height:80px\" aria-hidden=\"true\" class=\"wp-block-spacer\"><\/div>\n\n\n\n<div class=\"wp-block-group\"><div class=\"wp-block-group__inner-container is-layout-constrained wp-block-group-is-layout-constrained\">\n<div class=\"wp-block-columns is-layout-flex wp-container-core-columns-is-layout-9d6595d7 wp-block-columns-is-layout-flex\">\n<div class=\"wp-block-column is-layout-flow wp-block-column-is-layout-flow\">\n<div class=\"wp-block-cover is-light\" style=\"min-height:345px;aspect-ratio:unset;\"><span aria-hidden=\"true\" class=\"wp-block-cover__background has-background-dim\"><\/span><img loading=\"lazy\" decoding=\"async\" width=\"1920\" height=\"1080\" class=\"wp-block-cover__image-background wp-image-34\" alt=\"\" src=\"https:\/\/www.gl-audit.com\/wp-content\/uploads\/2023\/08\/xpexels-photo-348323.jpeg.pagespeed.ic_.al5Y3s2K6r.webp\" data-object-fit=\"cover\" srcset=\"https:\/\/www.gl-audit.com\/wp-content\/uploads\/2023\/08\/xpexels-photo-348323.jpeg.pagespeed.ic_.al5Y3s2K6r.webp 1920w, https:\/\/www.gl-audit.com\/wp-content\/uploads\/2023\/08\/xpexels-photo-348323.jpeg.pagespeed.ic_.al5Y3s2K6r-300x169.webp 300w, https:\/\/www.gl-audit.com\/wp-content\/uploads\/2023\/08\/xpexels-photo-348323.jpeg.pagespeed.ic_.al5Y3s2K6r-1024x576.webp 1024w, https:\/\/www.gl-audit.com\/wp-content\/uploads\/2023\/08\/xpexels-photo-348323.jpeg.pagespeed.ic_.al5Y3s2K6r-768x432.webp 768w, https:\/\/www.gl-audit.com\/wp-content\/uploads\/2023\/08\/xpexels-photo-348323.jpeg.pagespeed.ic_.al5Y3s2K6r-1536x864.webp 1536w\" sizes=\"auto, (max-width: 1920px) 100vw, 1920px\" \/><div class=\"wp-block-cover__inner-container is-layout-flow wp-block-cover-is-layout-flow\">\n<p class=\"has-text-align-center has-nv-site-bg-color has-text-color has-background has-large-font-size\" style=\"background-color:#ededed00\"><\/p>\n<\/div><\/div>\n\n\n\n<h3 class=\"wp-block-heading has-text-align-center has-neve-text-color-color has-text-color\"><a href=\"https:\/\/www.gl-audit.com\/index.php\/auditorias-y-control\/\">Auditorias y Control<\/a><\/h3>\n<\/div>\n\n\n\n<div class=\"wp-block-column is-layout-flow wp-block-column-is-layout-flow\">\n<div class=\"wp-block-cover is-light\" style=\"min-height:345px;aspect-ratio:unset;\"><span aria-hidden=\"true\" class=\"wp-block-cover__background has-background-dim\"><\/span><img loading=\"lazy\" decoding=\"async\" width=\"2100\" height=\"1400\" class=\"wp-block-cover__image-background wp-image-45\" alt=\"\" src=\"https:\/\/www.gl-audit.com\/wp-content\/uploads\/2023\/08\/Ordenador-1.jpg\" data-object-fit=\"cover\" srcset=\"https:\/\/www.gl-audit.com\/wp-content\/uploads\/2023\/08\/Ordenador-1.jpg 2100w, https:\/\/www.gl-audit.com\/wp-content\/uploads\/2023\/08\/Ordenador-1-300x200.jpg 300w, https:\/\/www.gl-audit.com\/wp-content\/uploads\/2023\/08\/Ordenador-1-1024x683.jpg 1024w, https:\/\/www.gl-audit.com\/wp-content\/uploads\/2023\/08\/Ordenador-1-768x512.jpg 768w, https:\/\/www.gl-audit.com\/wp-content\/uploads\/2023\/08\/Ordenador-1-1536x1024.jpg 1536w, https:\/\/www.gl-audit.com\/wp-content\/uploads\/2023\/08\/Ordenador-1-2048x1365.jpg 2048w, https:\/\/www.gl-audit.com\/wp-content\/uploads\/2023\/08\/Ordenador-1-930x620.jpg 930w\" sizes=\"auto, (max-width: 2100px) 100vw, 2100px\" \/><div class=\"wp-block-cover__inner-container is-layout-flow wp-block-cover-is-layout-flow\">\n<p class=\"has-text-align-center has-large-font-size\"><\/p>\n<\/div><\/div>\n\n\n\n<h3 class=\"wp-block-heading has-text-align-center has-neve-text-color-color has-text-color\"><a href=\"https:\/\/www.gl-audit.com\/index.php\/consultoria-y-asesoramiento\/\">Consultor\u00eda y Asesoramiento<\/a><\/h3>\n<\/div>\n\n\n\n<div class=\"wp-block-column is-layout-flow wp-block-column-is-layout-flow\">\n<div class=\"wp-block-cover is-light\" style=\"min-height:345px;aspect-ratio:unset;\"><span aria-hidden=\"true\" class=\"wp-block-cover__background has-background-dim\"><\/span><img loading=\"lazy\" decoding=\"async\" width=\"2560\" height=\"1707\" class=\"wp-block-cover__image-background wp-image-37\" alt=\"\" src=\"https:\/\/www.gl-audit.com\/wp-content\/uploads\/2023\/08\/Ordenador-cafe-scaled.jpg\" data-object-fit=\"cover\" srcset=\"https:\/\/www.gl-audit.com\/wp-content\/uploads\/2023\/08\/Ordenador-cafe-scaled.jpg 2560w, https:\/\/www.gl-audit.com\/wp-content\/uploads\/2023\/08\/Ordenador-cafe-300x200.jpg 300w, https:\/\/www.gl-audit.com\/wp-content\/uploads\/2023\/08\/Ordenador-cafe-1024x683.jpg 1024w, https:\/\/www.gl-audit.com\/wp-content\/uploads\/2023\/08\/Ordenador-cafe-768x512.jpg 768w, https:\/\/www.gl-audit.com\/wp-content\/uploads\/2023\/08\/Ordenador-cafe-1536x1024.jpg 1536w, https:\/\/www.gl-audit.com\/wp-content\/uploads\/2023\/08\/Ordenador-cafe-2048x1365.jpg 2048w, https:\/\/www.gl-audit.com\/wp-content\/uploads\/2023\/08\/Ordenador-cafe-930x620.jpg 930w\" sizes=\"auto, (max-width: 2560px) 100vw, 2560px\" \/><div class=\"wp-block-cover__inner-container is-layout-flow wp-block-cover-is-layout-flow\">\n<p class=\"has-text-align-center has-large-font-size\"><\/p>\n<\/div><\/div>\n\n\n\n<h3 class=\"wp-block-heading has-text-align-center has-neve-text-color-color has-text-color\"><a href=\"https:\/\/www.gl-audit.com\/index.php\/auditoria-face\/\">Auditor\u00eda Face<\/a><\/h3>\n<\/div>\n<\/div>\n<\/div><\/div>\n\n\n\n<div style=\"height:59px\" aria-hidden=\"true\" class=\"wp-block-spacer\"><\/div>\n\n\n\n<div class=\"wp-block-group\"><div class=\"wp-block-group__inner-container is-layout-constrained wp-block-group-is-layout-constrained\">\n<div class=\"wp-block-columns has-nv-light-bg-background-color has-background is-layout-flex wp-container-core-columns-is-layout-9d6595d7 wp-block-columns-is-layout-flex\">\n<div class=\"wp-block-column is-vertically-aligned-top has-nv-light-bg-background-color has-background is-layout-flow wp-block-column-is-layout-flow\" style=\"flex-basis:33.34%\"><div class=\"wp-block-image\">\n<figure class=\"aligncenter size-full is-resized\"><img loading=\"lazy\" decoding=\"async\" src=\"https:\/\/www.gl-audit.com\/wp-content\/uploads\/2023\/08\/excelencia.png\" alt=\"\" class=\"wp-image-69\" width=\"150\" height=\"150\" srcset=\"https:\/\/www.gl-audit.com\/wp-content\/uploads\/2023\/08\/excelencia.png 800w, https:\/\/www.gl-audit.com\/wp-content\/uploads\/2023\/08\/excelencia-300x300.png 300w, https:\/\/www.gl-audit.com\/wp-content\/uploads\/2023\/08\/excelencia-150x150.png 150w, https:\/\/www.gl-audit.com\/wp-content\/uploads\/2023\/08\/excelencia-768x768.png 768w\" sizes=\"auto, (max-width: 150px) 100vw, 150px\" \/><\/figure>\n<\/div>\n\n\n<h2 class=\"wp-block-heading has-text-align-center has-text-color\" style=\"color:#275a9d\">Excelencia<\/h2>\n\n\n\n<p class=\"has-text-align-center\"><strong>Buscamos la excelencia en nuestro quehacer diario; la m\u00e1s alta calidad en nuestros trabajos es un pilar b\u00e1sico de nuestros servicios.<\/strong><\/p>\n<\/div>\n\n\n\n<div class=\"wp-block-column is-vertically-aligned-top has-nv-light-bg-background-color has-background is-layout-flow wp-block-column-is-layout-flow\" style=\"flex-basis:33.34%\"><div class=\"wp-block-image\">\n<figure class=\"aligncenter size-full is-resized\"><img loading=\"lazy\" decoding=\"async\" src=\"https:\/\/www.gl-audit.com\/wp-content\/uploads\/2023\/08\/objetividad.png\" alt=\"\" class=\"wp-image-59\" width=\"150\" height=\"150\" srcset=\"https:\/\/www.gl-audit.com\/wp-content\/uploads\/2023\/08\/objetividad.png 800w, https:\/\/www.gl-audit.com\/wp-content\/uploads\/2023\/08\/objetividad-300x300.png 300w, https:\/\/www.gl-audit.com\/wp-content\/uploads\/2023\/08\/objetividad-150x150.png 150w, https:\/\/www.gl-audit.com\/wp-content\/uploads\/2023\/08\/objetividad-768x768.png 768w\" sizes=\"auto, (max-width: 150px) 100vw, 150px\" \/><\/figure>\n<\/div>\n\n\n<h2 class=\"wp-block-heading has-text-align-center has-text-color\" style=\"color:#275a9d\">Objetividad<\/h2>\n\n\n\n<p class=\"has-text-align-center\"><strong>Nos adaptamos a las necesidades de nuestros clientes y trabajamos con ellos en estrecha colaboraci\u00f3n manteniendo siempre la objetividad e independencia.<\/strong><\/p>\n<\/div>\n\n\n\n<div class=\"wp-block-column is-vertically-aligned-top has-nv-light-bg-background-color has-background is-layout-flow wp-block-column-is-layout-flow\" style=\"flex-basis:33.34%\"><div class=\"wp-block-image\">\n<figure class=\"aligncenter size-full is-resized\"><img loading=\"lazy\" decoding=\"async\" src=\"https:\/\/www.gl-audit.com\/wp-content\/uploads\/2023\/08\/Confianza.png\" alt=\"\" class=\"wp-image-72\" width=\"150\" height=\"150\" srcset=\"https:\/\/www.gl-audit.com\/wp-content\/uploads\/2023\/08\/Confianza.png 800w, https:\/\/www.gl-audit.com\/wp-content\/uploads\/2023\/08\/Confianza-300x300.png 300w, https:\/\/www.gl-audit.com\/wp-content\/uploads\/2023\/08\/Confianza-150x150.png 150w, https:\/\/www.gl-audit.com\/wp-content\/uploads\/2023\/08\/Confianza-768x768.png 768w\" sizes=\"auto, (max-width: 150px) 100vw, 150px\" \/><\/figure>\n<\/div>\n\n\n<h2 class=\"wp-block-heading has-text-align-center has-text-color\" style=\"color:#275a9d\">Confianza<\/h2>\n\n\n\n<p class=\"has-text-align-center\"><strong>Crear y desarrollar confianza es esencial con nuestros clientes, es la base de nuestra relaci\u00f3n con ellos.<\/strong><\/p>\n<\/div>\n<\/div>\n\n\n\n<div class=\"wp-block-columns has-nv-light-bg-background-color has-background is-layout-flex wp-container-core-columns-is-layout-9d6595d7 wp-block-columns-is-layout-flex\">\n<div class=\"wp-block-column is-layout-flow wp-block-column-is-layout-flow\"><\/div>\n\n\n\n<div class=\"wp-block-column is-vertically-aligned-top is-layout-flow wp-block-column-is-layout-flow\" style=\"flex-basis:33.34%\"><div class=\"wp-block-image\">\n<figure class=\"aligncenter size-full is-resized\"><img loading=\"lazy\" decoding=\"async\" src=\"https:\/\/www.gl-audit.com\/wp-content\/uploads\/2023\/08\/integridad.png\" alt=\"\" class=\"wp-image-74\" width=\"150\" height=\"150\" srcset=\"https:\/\/www.gl-audit.com\/wp-content\/uploads\/2023\/08\/integridad.png 800w, https:\/\/www.gl-audit.com\/wp-content\/uploads\/2023\/08\/integridad-300x300.png 300w, https:\/\/www.gl-audit.com\/wp-content\/uploads\/2023\/08\/integridad-150x150.png 150w, https:\/\/www.gl-audit.com\/wp-content\/uploads\/2023\/08\/integridad-768x768.png 768w\" sizes=\"auto, (max-width: 150px) 100vw, 150px\" \/><\/figure>\n<\/div>\n\n\n<h2 class=\"wp-block-heading has-text-align-center has-text-color\" style=\"color:#275a9d\">Integridad<\/h2>\n\n\n\n<p class=\"has-text-align-center\"><strong>El respeto por los dem\u00e1s, la responsabilidad, la disciplina, la firmeza en nuestras acciones y la honestidad gu\u00edan nuestras actuaciones.<\/strong><\/p>\n<\/div>\n\n\n\n<div class=\"wp-block-column is-layout-flow wp-block-column-is-layout-flow\"><\/div>\n\n\n\n<div class=\"wp-block-column is-vertically-aligned-top is-layout-flow wp-block-column-is-layout-flow\" style=\"flex-basis:33.34%\"><div class=\"wp-block-image\">\n<figure class=\"aligncenter size-full is-resized\"><img loading=\"lazy\" decoding=\"async\" src=\"https:\/\/www.gl-audit.com\/wp-content\/uploads\/2023\/08\/Globalidad.png\" alt=\"\" class=\"wp-image-75\" width=\"150\" height=\"150\" srcset=\"https:\/\/www.gl-audit.com\/wp-content\/uploads\/2023\/08\/Globalidad.png 800w, https:\/\/www.gl-audit.com\/wp-content\/uploads\/2023\/08\/Globalidad-300x300.png 300w, https:\/\/www.gl-audit.com\/wp-content\/uploads\/2023\/08\/Globalidad-150x150.png 150w, https:\/\/www.gl-audit.com\/wp-content\/uploads\/2023\/08\/Globalidad-768x768.png 768w\" sizes=\"auto, (max-width: 150px) 100vw, 150px\" \/><\/figure>\n<\/div>\n\n\n<h2 class=\"wp-block-heading has-text-align-center has-text-color\" style=\"color:#275a9d\">Globalidad<\/h2>\n\n\n\n<p class=\"has-text-align-center\"><strong>Aportamos soluciones globales a nuestros colaboradores y clientes.<\/strong><\/p>\n<\/div>\n\n\n\n<div class=\"wp-block-column is-layout-flow wp-block-column-is-layout-flow\"><\/div>\n<\/div>\n<\/div><\/div>\n\n\n\n<div class=\"wp-block-cover\" style=\"min-height:107px;aspect-ratio:unset;\"><span aria-hidden=\"true\" class=\"wp-block-cover__background has-nv-text-dark-bg-background-color has-background-dim-100 has-background-dim\"><\/span><div class=\"wp-block-cover__inner-container is-layout-flow wp-block-cover-is-layout-flow\">\n<p class=\"has-text-align-center has-nv-dark-bg-color has-text-color has-small-font-size\"><strong>Global &amp;<kbd> <\/kbd>Local Audit SL &#8211; Copyright 2023.<\/strong><br><a href=\"https:\/\/www.gl-audit.com\/index.php\/politica-privacidad\/\"><strong>Pol\u00edtica de privacidad.<\/strong><\/a><\/p>\n<\/div><\/div>\n","protected":false},"excerpt":{"rendered":"<p>Auditorias y Control Consultor\u00eda y Asesoramiento Auditor\u00eda Face Excelencia Buscamos la excelencia en nuestro quehacer diario; la m\u00e1s alta calidad en nuestros trabajos es un pilar b\u00e1sico de nuestros servicios. Objetividad Nos adaptamos a las necesidades de nuestros clientes y trabajamos con ellos en estrecha colaboraci\u00f3n manteniendo siempre la objetividad e independencia. Confianza Crear y&hellip;&nbsp;<a href=\"https:\/\/www.gl-audit.com\/\" class=\"\" rel=\"bookmark\">Leer m\u00e1s &raquo;<span class=\"screen-reader-text\">Inicio<\/span><\/a><\/p>\n","protected":false},"author":1,"featured_media":0,"parent":0,"menu_order":0,"comment_status":"closed","ping_status":"closed","template":"","meta":{"neve_meta_sidebar":"default","neve_meta_container":"","neve_meta_enable_content_width":"","neve_meta_content_width":70,"neve_meta_title_alignment":"left","neve_meta_author_avatar":"","neve_post_elements_order":"","neve_meta_disable_header":"","neve_meta_disable_footer":"on","neve_meta_disable_title":"on","footnotes":""},"class_list":["post-6","page","type-page","status-publish","hentry"],"_links":{"self":[{"href":"https:\/\/www.gl-audit.com\/index.php\/wp-json\/wp\/v2\/pages\/6","targetHints":{"allow":["GET"]}}],"collection":[{"href":"https:\/\/www.gl-audit.com\/index.php\/wp-json\/wp\/v2\/pages"}],"about":[{"href":"https:\/\/www.gl-audit.com\/index.php\/wp-json\/wp\/v2\/types\/page"}],"author":[{"embeddable":true,"href":"https:\/\/www.gl-audit.com\/index.php\/wp-json\/wp\/v2\/users\/1"}],"replies":[{"embeddable":true,"href":"https:\/\/www.gl-audit.com\/index.php\/wp-json\/wp\/v2\/comments?post=6"}],"version-history":[{"count":39,"href":"https:\/\/www.gl-audit.com\/index.php\/wp-json\/wp\/v2\/pages\/6\/revisions"}],"predecessor-version":[{"id":443,"href":"https:\/\/www.gl-audit.com\/index.php\/wp-json\/wp\/v2\/pages\/6\/revisions\/443"}],"wp:attachment":[{"href":"https:\/\/www.gl-audit.com\/index.php\/wp-json\/wp\/v2\/media?parent=6"}],"curies":[{"name":"wp","href":"https:\/\/api.w.org\/{rel}","templated":true}]}}