{"id":3,"date":"2023-08-03T13:52:00","date_gmt":"2023-08-03T11:52:00","guid":{"rendered":"https:\/\/www.gl-audit.com\/?page_id=3"},"modified":"2023-08-08T13:37:59","modified_gmt":"2023-08-08T11:37:59","slug":"politica-privacidad","status":"publish","type":"page","link":"https:\/\/www.gl-audit.com\/index.php\/politica-privacidad\/","title":{"rendered":"Pol\u00edtica de privacidad"},"content":{"rendered":"\n<h3 class=\"wp-block-heading\"><strong>POL\u00cdTICA DE PRIVACIDAD P\u00c1GINA WEB GLOBAL &amp; LOCAL AUDIT, S. L<\/strong><\/h3>\n\n\n\n<p>La presente Pol\u00edtica de Privacidad establece los t\u00e9rminos en que GLOBAL &amp; LOCAL<br>AUDIT, S. L usa y protege la informaci\u00f3n que es proporcionada por sus usuarios al<br>momento de utilizar su sitio web. Esta compa\u00f1\u00eda est\u00e1 comprometida con la seguridad<br>de los datos de sus usuarios. Cuando le pedimos llenar los campos de informaci\u00f3n<br>personal con la cual usted pueda ser identificado, lo hacemos asegurando que s\u00f3lo se<br>emplear\u00e1 de acuerdo con los t\u00e9rminos de este documento. Sin embargo, esta Pol\u00edtica<br>de Privacidad puede cambiar con el tiempo o ser actualizada por lo que le<br>recomendamos y enfatizamos revisar continuamente esta p\u00e1gina para asegurarse que<br>est\u00e1 de acuerdo con dichos cambios.<br><\/p>\n\n\n\n<h3 class=\"wp-block-heading\"><strong>Derechos de los usuarios<\/strong><\/h3>\n\n\n\n<p>Le informamos que podr\u00e1 ejercer los derechos de acceso, rectificaci\u00f3n, limitaci\u00f3n del<br>tratamiento, oposici\u00f3n y portabilidad con arreglo a lo previsto en Reglamento 2016\/679<br>del 27 de Abril de Protecci\u00f3n de Datos de Car\u00e1cter Personal y la Ley Org\u00e1nica 3\/2018,<br>de 5 de diciembre, de protecci\u00f3n de datos personales y garant\u00eda de los derechos<br>digitales (LOPDGDD 3\/2018) y siguiendo las Recomendaciones e Instrucciones<br>emitidas por la Agencia Espa\u00f1ola de Protecci\u00f3n de Datos (A.E.P.D), enviando un mail<br>a mramirez@gl-audit.com o una carta junto con la fotocopia de su DNI, a la siguiente<br>direcci\u00f3n: CALLE SEGRE 20 BAJO, MADRID &#8211; 28002 (MADRID)<\/p>\n\n\n\n<h3 class=\"wp-block-heading\">Informaci\u00f3n que es recogida<\/h3>\n\n\n\n<p>Nuestro sitio web podr\u00e1 recoger informaci\u00f3n personal, por ejemplo: Nombre,<br>informaci\u00f3n de contacto como su direcci\u00f3n de correo electr\u00f3nica e informaci\u00f3n<br>demogr\u00e1fica. As\u00ed mismo cuando sea necesario podr\u00e1 ser requerida informaci\u00f3n<br>espec\u00edfica para procesar alg\u00fan pedido o realizar una entrega o facturaci\u00f3n.<\/p>\n\n\n\n<h3 class=\"wp-block-heading\">Uso de la informaci\u00f3n recogida<\/h3>\n\n\n\n<p>Nuestro sitio web emplea la informaci\u00f3n con el fin de proporcionar el mejor servicio<br>posible, particularmente para mantener un registro de usuarios, de pedidos en caso que<br>aplique, y mejorar nuestros productos y servicios. Es posible que sean enviados correos<br>electr\u00f3nicos peri\u00f3dicamente a trav\u00e9s de nuestro sitio con ofertas especiales, nuevos<br>productos y otra informaci\u00f3n publicitaria que consideremos relevante para usted o que<br>pueda brindarle alg\u00fan beneficio, estos correos electr\u00f3nicos ser\u00e1n enviados a la direcci\u00f3n<br>que usted proporcione y podr\u00e1n ser cancelados en cualquier momento.<\/p>\n\n\n\n<p><br>GLOBAL &amp; LOCAL AUDIT, S. L est\u00e1 altamente comprometido para cumplir con el<br>compromiso de mantener su informaci\u00f3n segura. Usamos los sistemas m\u00e1s avanzados<br>y los actualizamos constantemente para asegurarnos que no exista ning\u00fan acceso no<br>autorizado.<\/p>\n\n\n\n<h3 class=\"wp-block-heading\">Cookies<\/h3>\n\n\n\n<p>Una cookie se refiere a un fichero que es enviado con la finalidad de solicitar permiso<br>para almacenarse en su ordenador, al aceptar dicho fichero se crea y la cookie sirve<br>entonces para tener informaci\u00f3n respecto al tr\u00e1fico web, y tambi\u00e9n facilita las futuras<br>visitas a una web recurrente. Otra funci\u00f3n que tienen las cookies es que con ellas las<br>web pueden reconocerte individualmente y por tanto brindarte el mejor servicio<br>personalizado de su web.<\/p>\n\n\n\n<p><br>El sitio web de GLOBAL &amp; LOCAL AUDIT, S. L utiliza cookies para poder identificar las<br>p\u00e1ginas que son visitadas y su frecuencia. Esta informaci\u00f3n es empleada \u00fanicamente<br>para an\u00e1lisis estad\u00edstico y despu\u00e9s la informaci\u00f3n se elimina de forma permanente.<br>Usted puede eliminar las cookies en cualquier momento desde su ordenador.<\/p>\n\n\n\n<p><br>Sin embargo las cookies ayudan a proporcionar un mejor servicio de los sitios web, est\u00e1s<br>no dan acceso a informaci\u00f3n de su ordenador ni de usted, a menos de que usted as\u00ed lo<br>quiera y la proporcione directamente, visitas a una web. Usted puede aceptar o negar el<br>uso de cookies, sin embargo la mayor\u00eda de navegadores aceptan cookies<br>autom\u00e1ticamente pues sirve para tener un mejor servicio web. Tambi\u00e9n usted puede<br>cambiar la configuraci\u00f3n de su ordenador para declinar las cookies. Si se declinan es<br>posible que no pueda utilizar algunos de nuestros servicios.<\/p>\n\n\n\n<h3 class=\"wp-block-heading\">Enlaces a Terceros y Redes Sociales<\/h3>\n\n\n\n<p>Este sitio web pudiera contener enlaces a otros sitios que pudieran ser de su inter\u00e9s.<br>Una vez que usted de clic en estos enlaces y abandone nuestra p\u00e1gina, ya no tenemos<br>control sobre al sitio al que es redirigido y por lo tanto no somos responsables de los<br>t\u00e9rminos o privacidad ni de la protecci\u00f3n de sus datos en esos otros sitios terceros.<br>Dichos sitios est\u00e1n sujetos a sus propias pol\u00edticas de privacidad por lo cual es<br>recomendable que los consulte para confirmar que usted est\u00e1 de acuerdo con estas.<\/p>\n\n\n\n<h3 class=\"wp-block-heading\"><br>Control de su informaci\u00f3n personal<\/h3>\n\n\n\n<p>En cualquier momento usted puede restringir la recopilaci\u00f3n o el uso de la informaci\u00f3n<br>personal que es proporcionada a nuestro sitio web. Cada vez que se le solicite rellenar<br>un formulario, como el de alta de usuario, puede marcar o desmarcar la opci\u00f3n de recibir<br>informaci\u00f3n por correo electr\u00f3nico. En caso de que haya marcado la opci\u00f3n de recibir<br>nuestro bolet\u00edn o publicidad usted puede cancelarla en cualquier momento.<\/p>\n\n\n\n<p><br>Esta compa\u00f1\u00eda no vender\u00e1, ceder\u00e1 ni distribuir\u00e1 la informaci\u00f3n personal que es<br>recopilada sin su consentimiento, salvo que sea requerido por un juez con un orden<br>judicial.<\/p>\n\n\n\n<p><br>GLOBAL &amp; LOCAL AUDIT, S. L se reserva el derecho de cambiar los t\u00e9rminos de la<br>presente Pol\u00edtica de Privacidad en cualquier momento.<\/p>\n\n\n\n<h3 class=\"wp-block-heading\">AVISO LEGAL<\/h3>\n\n\n\n<p>La titularidad dela p\u00e1gina web la ostenta: GLOBAL &amp; LOCAL AUDIT, S. L provista de<br>NIF: B87286225; domiciliada en: CALLE SEGRE 20 BAJO, MADRID &#8211; 28002 (MADRID)<br>no puede asumir ninguna responsabilidad derivada del uso incorrecto, inapropiado o<br>il\u00edcito de la informaci\u00f3n aparecida en la p\u00e1gina.<\/p>\n\n\n\n<p><br>Con los l\u00edmites establecidos en la ley, GLOBAL &amp; LOCAL AUDIT, S. L no asume ninguna<br>responsabilidad derivada de la falta de veracidad, integridad, actualizaci\u00f3n y precisi\u00f3n<br>de los datos o informaciones que se contienen en sus p\u00e1ginas de Internet.<\/p>\n\n\n\n<p><br>Los contenidos e informaci\u00f3n no vinculan a GLOBAL &amp; LOCAL AUDIT, S. L ni<br>constituyen opiniones, consejos o asesoramiento legal de ning\u00fan tipo pues se trata<br>meramente de un servicio ofrecido con car\u00e1cter informativo y divulgativo.<\/p>\n\n\n\n<p><br>La p\u00e1gina de Internet puede contener enlaces (links) a otras p\u00e1ginas de terceras partes<br>que no podemos controlar. Por lo tanto, GLOBAL &amp; LOCAL AUDIT, S. L no puede asumir<br>responsabilidades por el contenido que pueda aparecer en p\u00e1ginas de terceros.<\/p>\n\n\n\n<p><br>Los textos, im\u00e1genes, sonidos, animaciones, software y el resto de contenidos incluidos<br>en este website son propiedad exclusiva de GLOBAL &amp; LOCAL AUDIT, S. L sus<br>licenciantes. Cualquier acto de transmisi\u00f3n, distribuci\u00f3n, cesi\u00f3n, reproducci\u00f3n,<br>almacenamiento o comunicaci\u00f3n p\u00fablica total o parcial, debe contar con el<br>consentimiento expreso de GLOBAL &amp; LOCAL AUDIT, S. L<\/p>\n\n\n\n<p><br>Asimismo, para acceder a algunos de los servicios que GLOBAL &amp; LOCAL AUDIT, S. L<br>ofrece a trav\u00e9s del website deber\u00e1\u0301 proporcionar algunos datos de car\u00e1cter personal. En<br>cumplimiento de lo establecido en el Reglamento (UE) 2016\/679 del Parlamento<br>Europeo y del Consejo, de 27 de abril de 2016, relativo a la protecci\u00f3n de las personas<br>f\u00edsicas en lo que respecta al tratamiento de datos personales y a la libre circulaci\u00f3n de<br>estos datos le informamos que, mediante la cumplimentaci\u00f3n de los presentes<br>formularios, sus datos personales quedar\u00e1n incorporados y ser\u00e1n tratados en los<br>ficheros de GLOBAL &amp; LOCAL AUDIT, S. L con el fin de poderle prestar y ofrecer<br>nuestros servicios as\u00ed\u0301como para informarle de las mejoras del sitio Web. Asimismo, le<br>informamos de la posibilidad de que ejerza los derechos de acceso, rectificaci\u00f3n,<br>limitaci\u00f3n, portabilidad, oposici\u00f3n y supresi\u00f3n de sus datos de car\u00e1cter personal, manera<br>gratuita mediante email a mramirez@gl-audit.com o en la direcci\u00f3n CALLE SEGRE 20<br>BAJO, MADRID &#8211; 28002 (MADRID)<\/p>\n\n\n\n<p><\/p>\n\n\n\n<div class=\"wp-block-cover alignfull is-light\" style=\"min-height:97px;aspect-ratio:unset;\"><span aria-hidden=\"true\" class=\"wp-block-cover__background has-nv-dark-bg-background-color has-background-dim-100 has-background-dim\"><\/span><div class=\"wp-block-cover__inner-container is-layout-flow wp-block-cover-is-layout-flow\">\n<p class=\"has-text-align-center has-nv-site-bg-color has-nv-dark-bg-background-color has-text-color has-background has-small-font-size\"><strong>Global &amp;<kbd> <\/kbd>Local Audit SL &#8211; Copyright 2023. <\/strong><br><a href=\"https:\/\/www.gl-audit.com\/index.php\/politica-privacidad\/\"><strong>Pol\u00edtica de privacidad.<\/strong><\/a><\/p>\n<\/div><\/div>\n","protected":false},"excerpt":{"rendered":"<p>POL\u00cdTICA DE PRIVACIDAD P\u00c1GINA WEB GLOBAL &amp; LOCAL AUDIT, S. L La presente Pol\u00edtica de Privacidad establece los t\u00e9rminos en que GLOBAL &amp; LOCALAUDIT, S. L usa y protege la informaci\u00f3n que es proporcionada por sus usuarios almomento de utilizar su sitio web. Esta compa\u00f1\u00eda est\u00e1 comprometida con la seguridadde los datos de sus usuarios.&hellip;&nbsp;<a href=\"https:\/\/www.gl-audit.com\/index.php\/politica-privacidad\/\" class=\"\" rel=\"bookmark\">Leer m\u00e1s &raquo;<span class=\"screen-reader-text\">Pol\u00edtica de privacidad<\/span><\/a><\/p>\n","protected":false},"author":1,"featured_media":0,"parent":0,"menu_order":0,"comment_status":"closed","ping_status":"open","template":"","meta":{"neve_meta_sidebar":"","neve_meta_container":"","neve_meta_enable_content_width":"","neve_meta_content_width":0,"neve_meta_title_alignment":"","neve_meta_author_avatar":"","neve_post_elements_order":"","neve_meta_disable_header":"","neve_meta_disable_footer":"on","neve_meta_disable_title":"on","footnotes":""},"class_list":["post-3","page","type-page","status-publish","hentry"],"_links":{"self":[{"href":"https:\/\/www.gl-audit.com\/index.php\/wp-json\/wp\/v2\/pages\/3","targetHints":{"allow":["GET"]}}],"collection":[{"href":"https:\/\/www.gl-audit.com\/index.php\/wp-json\/wp\/v2\/pages"}],"about":[{"href":"https:\/\/www.gl-audit.com\/index.php\/wp-json\/wp\/v2\/types\/page"}],"author":[{"embeddable":true,"href":"https:\/\/www.gl-audit.com\/index.php\/wp-json\/wp\/v2\/users\/1"}],"replies":[{"embeddable":true,"href":"https:\/\/www.gl-audit.com\/index.php\/wp-json\/wp\/v2\/comments?post=3"}],"version-history":[{"count":4,"href":"https:\/\/www.gl-audit.com\/index.php\/wp-json\/wp\/v2\/pages\/3\/revisions"}],"predecessor-version":[{"id":476,"href":"https:\/\/www.gl-audit.com\/index.php\/wp-json\/wp\/v2\/pages\/3\/revisions\/476"}],"wp:attachment":[{"href":"https:\/\/www.gl-audit.com\/index.php\/wp-json\/wp\/v2\/media?parent=3"}],"curies":[{"name":"wp","href":"https:\/\/api.w.org\/{rel}","templated":true}]}}