{"id":134,"date":"2023-08-07T10:40:18","date_gmt":"2023-08-07T08:40:18","guid":{"rendered":"https:\/\/www.gl-audit.com\/?page_id=134"},"modified":"2023-08-08T12:30:46","modified_gmt":"2023-08-08T10:30:46","slug":"auditoria-face","status":"publish","type":"page","link":"https:\/\/www.gl-audit.com\/index.php\/auditoria-face\/","title":{"rendered":"Auditor\u00eda FACe"},"content":{"rendered":"\n<div class=\"wp-block-cover alignfull is-light\" style=\"min-height:600px;aspect-ratio:unset;\"><span aria-hidden=\"true\" class=\"wp-block-cover__background has-nv-light-bg-background-color has-background-dim-100 has-background-dim\"><\/span><div class=\"wp-block-cover__inner-container is-layout-flow wp-block-cover-is-layout-flow\">\n<div class=\"wp-block-group\"><div class=\"wp-block-group__inner-container is-layout-flow wp-block-group-is-layout-flow\">\n<div style=\"height:80px\" aria-hidden=\"true\" class=\"wp-block-spacer\"><\/div>\n\n\n\n<div class=\"wp-block-columns is-layout-flex wp-container-core-columns-is-layout-9d6595d7 wp-block-columns-is-layout-flex\">\n<div class=\"wp-block-column is-layout-flow wp-block-column-is-layout-flow\" style=\"flex-basis:45%\"><div class=\"wp-block-image size-large\">\n<figure class=\"alignright is-resized\"><img loading=\"lazy\" decoding=\"async\" src=\"https:\/\/www.gl-audit.com\/wp-content\/uploads\/2023\/08\/close-up-businessman-with-digital-tablet-1024x683.jpg\" alt=\"\" class=\"wp-image-459\" width=\"811\" height=\"541\" srcset=\"https:\/\/www.gl-audit.com\/wp-content\/uploads\/2023\/08\/close-up-businessman-with-digital-tablet-1024x683.jpg 1024w, https:\/\/www.gl-audit.com\/wp-content\/uploads\/2023\/08\/close-up-businessman-with-digital-tablet-300x200.jpg 300w, https:\/\/www.gl-audit.com\/wp-content\/uploads\/2023\/08\/close-up-businessman-with-digital-tablet-768x512.jpg 768w, https:\/\/www.gl-audit.com\/wp-content\/uploads\/2023\/08\/close-up-businessman-with-digital-tablet-1536x1024.jpg 1536w, https:\/\/www.gl-audit.com\/wp-content\/uploads\/2023\/08\/close-up-businessman-with-digital-tablet-2048x1365.jpg 2048w, https:\/\/www.gl-audit.com\/wp-content\/uploads\/2023\/08\/close-up-businessman-with-digital-tablet-930x620.jpg 930w\" sizes=\"auto, (max-width: 811px) 100vw, 811px\" \/><\/figure>\n<\/div><\/div>\n\n\n\n<div class=\"wp-block-column is-vertically-aligned-center is-layout-flow wp-block-column-is-layout-flow\" style=\"flex-basis:50%\">\n<p class=\"has-text-align-left\">La Ley 25\/2013, de 27 de diciembre, de impulso de la factura electr\u00f3nica y creaci\u00f3n del registro contable de facturas en el Sector P\u00fabico, fue modificada mediante la Ley Org\u00e1nica 6\/2015, de 12 de junio, para introducir un nuevo apartado en el que se establece que las Intervenciones Generales de cada Administraci\u00f3n debe llevar a cabo una \u201cauditor\u00eda de sistemas anual para verificar que los correspondientes registros contables de facturas cumplen con las condiciones de funcionamiento previstas en esta Ley \u2026 y que no quedan retenidas facturas presentadas en el Punto General de Entrada de facturas electr\u00f3nicas \u2026\u201d<\/p>\n\n\n\n<p><br>El equipo de Global &amp; Local Audit junto con CleverTask, empresa especializada en tecnolog\u00eda de la informaci\u00f3n y comunicaci\u00f3n, ha desarrollado una metodolog\u00eda y un software propios que nos permite llevar a cabo estas auditor\u00edas en colaboraci\u00f3n con las Intervenciones Generales como \u00f3rganos competentes para la realizaci\u00f3n de las mismas, de una forma eficiente, eficaz y \u00e1gil. Esta metodolog\u00eda ha sido dise\u00f1ada bajo el marco de la \u201cGu\u00eda para las auditor\u00edas de los Registros Contables de Facturas previsto en el art\u00edculo 12 de la Ley 25\/2013, publicado por la Intervenci\u00f3n General de la Administraci\u00f3n del Estado\u201d y se realiza con sujeci\u00f3n a las Normas de Auditor\u00eda del Sector P\u00fablico.<\/p>\n<\/div>\n<\/div>\n\n\n\n<div style=\"height:40px\" aria-hidden=\"true\" class=\"wp-block-spacer\"><\/div>\n<\/div><\/div>\n<\/div><\/div>\n\n\n\n<div class=\"wp-block-cover alignfull is-light\" style=\"min-height:642px;aspect-ratio:unset;\"><span aria-hidden=\"true\" class=\"wp-block-cover__background has-nv-dark-bg-background-color has-background-dim-100 has-background-dim\"><\/span><div class=\"wp-block-cover__inner-container is-layout-flow wp-block-cover-is-layout-flow\">\n<div class=\"wp-block-group\"><div class=\"wp-block-group__inner-container is-layout-flow wp-block-group-is-layout-flow\">\n<div style=\"height:80px\" aria-hidden=\"true\" class=\"wp-block-spacer\"><\/div>\n\n\n\n<div class=\"wp-block-columns are-vertically-aligned-center is-layout-flex wp-container-core-columns-is-layout-9d6595d7 wp-block-columns-is-layout-flex\">\n<div class=\"wp-block-column is-vertically-aligned-center is-layout-flow wp-block-column-is-layout-flow\" style=\"flex-basis:50%\">\n<h2 class=\"wp-block-heading has-text-align-center has-nv-text-dark-bg-color has-text-color\">Para m\u00e1s informaci\u00f3n, no dudes en ponerte en contacto con nosotros.<\/h2>\n\n\n\n<div style=\"height:20px\" aria-hidden=\"true\" class=\"wp-block-spacer\"><\/div>\n\n\n\n<div class=\"wp-block-buttons is-content-justification-center is-layout-flex wp-container-core-buttons-is-layout-16018d1d wp-block-buttons-is-layout-flex\">\n<div class=\"wp-block-button has-custom-width wp-block-button__width-75 has-custom-font-size is-style-default has-large-font-size\"><a class=\"wp-block-button__link has-text-align-center wp-element-button\" href=\"https:\/\/www.gl-audit.com\/index.php\/contacto\/\" style=\"border-radius:100px\">Cont\u00e1ctanos<\/a><\/div>\n<\/div>\n\n\n\n<div style=\"height:20px\" aria-hidden=\"true\" class=\"wp-block-spacer\"><\/div>\n<\/div>\n\n\n\n<div class=\"wp-block-column is-vertically-aligned-center is-layout-flow wp-block-column-is-layout-flow\" style=\"flex-basis:50%\">\n<figure class=\"wp-block-image size-large is-resized\"><img loading=\"lazy\" decoding=\"async\" src=\"https:\/\/www.gl-audit.com\/wp-content\/uploads\/2023\/08\/Contacto-1024x576.jpg\" alt=\"\" class=\"wp-image-150\" width=\"684\" height=\"384\" srcset=\"https:\/\/www.gl-audit.com\/wp-content\/uploads\/2023\/08\/Contacto-1024x576.jpg 1024w, https:\/\/www.gl-audit.com\/wp-content\/uploads\/2023\/08\/Contacto-300x169.jpg 300w, https:\/\/www.gl-audit.com\/wp-content\/uploads\/2023\/08\/Contacto-768x432.jpg 768w, https:\/\/www.gl-audit.com\/wp-content\/uploads\/2023\/08\/Contacto-1536x864.jpg 1536w, https:\/\/www.gl-audit.com\/wp-content\/uploads\/2023\/08\/Contacto-2048x1152.jpg 2048w\" sizes=\"auto, (max-width: 684px) 100vw, 684px\" \/><\/figure>\n<\/div>\n<\/div>\n<\/div><\/div>\n<\/div><\/div>\n\n\n\n<div class=\"wp-block-cover alignfull is-light\" style=\"min-height:97px;aspect-ratio:unset;\"><span aria-hidden=\"true\" class=\"wp-block-cover__background has-nv-dark-bg-background-color has-background-dim-100 has-background-dim\"><\/span><div class=\"wp-block-cover__inner-container is-layout-flow wp-block-cover-is-layout-flow\">\n<p class=\"has-text-align-center has-nv-light-bg-color has-text-color has-small-font-size\"><strong>Global &amp;<kbd> <\/kbd>Local Audit SL &#8211; Copyright 2023. <\/strong><br><a href=\"https:\/\/www.gl-audit.com\/index.php\/politica-privacidad\/\"><strong>Pol\u00edtica de privacidad.<\/strong><\/a><\/p>\n<\/div><\/div>\n","protected":false},"excerpt":{"rendered":"","protected":false},"author":1,"featured_media":0,"parent":0,"menu_order":0,"comment_status":"closed","ping_status":"closed","template":"","meta":{"neve_meta_sidebar":"","neve_meta_container":"","neve_meta_enable_content_width":"","neve_meta_content_width":0,"neve_meta_title_alignment":"center","neve_meta_author_avatar":"","neve_post_elements_order":"","neve_meta_disable_header":"","neve_meta_disable_footer":"on","neve_meta_disable_title":"off","footnotes":""},"class_list":["post-134","page","type-page","status-publish","hentry"],"_links":{"self":[{"href":"https:\/\/www.gl-audit.com\/index.php\/wp-json\/wp\/v2\/pages\/134","targetHints":{"allow":["GET"]}}],"collection":[{"href":"https:\/\/www.gl-audit.com\/index.php\/wp-json\/wp\/v2\/pages"}],"about":[{"href":"https:\/\/www.gl-audit.com\/index.php\/wp-json\/wp\/v2\/types\/page"}],"author":[{"embeddable":true,"href":"https:\/\/www.gl-audit.com\/index.php\/wp-json\/wp\/v2\/users\/1"}],"replies":[{"embeddable":true,"href":"https:\/\/www.gl-audit.com\/index.php\/wp-json\/wp\/v2\/comments?post=134"}],"version-history":[{"count":12,"href":"https:\/\/www.gl-audit.com\/index.php\/wp-json\/wp\/v2\/pages\/134\/revisions"}],"predecessor-version":[{"id":467,"href":"https:\/\/www.gl-audit.com\/index.php\/wp-json\/wp\/v2\/pages\/134\/revisions\/467"}],"wp:attachment":[{"href":"https:\/\/www.gl-audit.com\/index.php\/wp-json\/wp\/v2\/media?parent=134"}],"curies":[{"name":"wp","href":"https:\/\/api.w.org\/{rel}","templated":true}]}}