{"id":132,"date":"2023-08-07T10:39:48","date_gmt":"2023-08-07T08:39:48","guid":{"rendered":"https:\/\/www.gl-audit.com\/?page_id=132"},"modified":"2023-08-08T11:59:19","modified_gmt":"2023-08-08T09:59:19","slug":"consultoria-y-asesoramiento","status":"publish","type":"page","link":"https:\/\/www.gl-audit.com\/index.php\/consultoria-y-asesoramiento\/","title":{"rendered":"Consultor\u00eda y Asesoramiento"},"content":{"rendered":"\n<div class=\"wp-block-cover alignfull is-light\" style=\"min-height:600px;aspect-ratio:unset;\"><span aria-hidden=\"true\" class=\"wp-block-cover__background has-nv-light-bg-background-color has-background-dim-100 has-background-dim\"><\/span><div class=\"wp-block-cover__inner-container is-layout-flow wp-block-cover-is-layout-flow\">\n<div class=\"wp-block-group\"><div class=\"wp-block-group__inner-container is-layout-flow wp-block-group-is-layout-flow\">\n<div style=\"height:80px\" aria-hidden=\"true\" class=\"wp-block-spacer\"><\/div>\n\n\n\n<div class=\"wp-block-columns are-vertically-aligned-center is-layout-flex wp-container-core-columns-is-layout-9d6595d7 wp-block-columns-is-layout-flex\">\n<div class=\"wp-block-column is-vertically-aligned-center is-layout-flow wp-block-column-is-layout-flow\" style=\"flex-basis:50%\"><div class=\"wp-block-image size-large\">\n<figure class=\"aligncenter is-resized\"><img loading=\"lazy\" decoding=\"async\" src=\"https:\/\/www.gl-audit.com\/wp-content\/uploads\/2023\/08\/escribiendo-texto-teclado-1024x683.jpg\" alt=\"\" class=\"wp-image-161\" width=\"554\" height=\"369\" srcset=\"https:\/\/www.gl-audit.com\/wp-content\/uploads\/2023\/08\/escribiendo-texto-teclado-1024x683.jpg 1024w, https:\/\/www.gl-audit.com\/wp-content\/uploads\/2023\/08\/escribiendo-texto-teclado-300x200.jpg 300w, https:\/\/www.gl-audit.com\/wp-content\/uploads\/2023\/08\/escribiendo-texto-teclado-768x512.jpg 768w, https:\/\/www.gl-audit.com\/wp-content\/uploads\/2023\/08\/escribiendo-texto-teclado-1536x1024.jpg 1536w, https:\/\/www.gl-audit.com\/wp-content\/uploads\/2023\/08\/escribiendo-texto-teclado-2048x1365.jpg 2048w, https:\/\/www.gl-audit.com\/wp-content\/uploads\/2023\/08\/escribiendo-texto-teclado-930x620.jpg 930w\" sizes=\"auto, (max-width: 554px) 100vw, 554px\" \/><\/figure>\n<\/div><\/div>\n\n\n\n<div class=\"wp-block-column is-vertically-aligned-center is-layout-flow wp-block-column-is-layout-flow\" style=\"flex-basis:50%\">\n<h2 class=\"wp-block-heading has-neve-text-color-color has-text-color\">Consultor\u00eda:<\/h2>\n\n\n\n<p><strong>Aportar soluciones personalizadas a cada entidad.<br>En el sector privado:<\/strong><\/p>\n\n\n\n<ul class=\"wp-block-list\">\n<li>Apoyo en los \u00e1mbitos de gesti\u00f3n y organizativos; en<br>medici\u00f3n de riesgos y cumplimientos regulatorios y<br>normativa contable.<br><\/li>\n\n\n\n<li>Estamos junto a nuestros clientes en el desarrollo de su<br>estrategia.<\/li>\n<\/ul>\n<\/div>\n<\/div>\n\n\n\n<div style=\"height:40px\" aria-hidden=\"true\" class=\"wp-block-spacer\"><\/div>\n<\/div><\/div>\n<\/div><\/div>\n\n\n\n<div class=\"wp-block-cover alignfull is-light\" style=\"min-height:600px;aspect-ratio:unset;\"><span aria-hidden=\"true\" class=\"wp-block-cover__background has-nv-dark-bg-background-color has-background-dim-100 has-background-dim\"><\/span><div class=\"wp-block-cover__inner-container is-layout-flow wp-block-cover-is-layout-flow\">\n<div class=\"wp-block-group\"><div class=\"wp-block-group__inner-container is-layout-flow wp-block-group-is-layout-flow\">\n<div style=\"height:80px\" aria-hidden=\"true\" class=\"wp-block-spacer\"><\/div>\n\n\n\n<div class=\"wp-block-columns is-layout-flex wp-container-core-columns-is-layout-9d6595d7 wp-block-columns-is-layout-flex\">\n<div class=\"wp-block-column is-vertically-aligned-center is-layout-flow wp-block-column-is-layout-flow\" style=\"flex-basis:10%\"><\/div>\n\n\n\n<div class=\"wp-block-column is-layout-flow wp-block-column-is-layout-flow\" style=\"flex-basis:35%\">\n<p class=\"has-text-align-left has-nv-site-bg-color has-text-color has-x-large-font-size\">Asesoramiento:<\/p>\n\n\n\n<p class=\"has-nv-site-bg-color has-text-color\">&#8211; Prestamos asesoramiento en los \u00e1mbitos financieros y contables.<\/p>\n\n\n\n<p class=\"has-nv-site-bg-color has-text-color\">&#8211; Gobierno corporativo.<\/p>\n\n\n\n<p class=\"has-nv-site-bg-color has-text-color\">&#8211; Mapas de riesgo.<\/p>\n\n\n\n<div style=\"height:20px\" aria-hidden=\"true\" class=\"wp-block-spacer\"><\/div>\n\n\n\n<div style=\"height:20px\" aria-hidden=\"true\" class=\"wp-block-spacer\"><\/div>\n<\/div>\n\n\n\n<div class=\"wp-block-column is-vertically-aligned-center is-layout-flow wp-block-column-is-layout-flow\" style=\"flex-basis:40%\"><div class=\"wp-block-image\">\n<figure class=\"aligncenter size-large is-resized\"><img loading=\"lazy\" decoding=\"async\" src=\"https:\/\/www.gl-audit.com\/wp-content\/uploads\/2023\/08\/gerente-ventas-1024x683.jpg\" alt=\"\" class=\"wp-image-165\" width=\"885\" height=\"590\" srcset=\"https:\/\/www.gl-audit.com\/wp-content\/uploads\/2023\/08\/gerente-ventas-1024x683.jpg 1024w, https:\/\/www.gl-audit.com\/wp-content\/uploads\/2023\/08\/gerente-ventas-300x200.jpg 300w, https:\/\/www.gl-audit.com\/wp-content\/uploads\/2023\/08\/gerente-ventas-768x512.jpg 768w, https:\/\/www.gl-audit.com\/wp-content\/uploads\/2023\/08\/gerente-ventas-1536x1024.jpg 1536w, https:\/\/www.gl-audit.com\/wp-content\/uploads\/2023\/08\/gerente-ventas-2048x1365.jpg 2048w, https:\/\/www.gl-audit.com\/wp-content\/uploads\/2023\/08\/gerente-ventas-930x620.jpg 930w\" sizes=\"auto, (max-width: 885px) 100vw, 885px\" \/><\/figure>\n<\/div><\/div>\n<\/div>\n\n\n\n<div style=\"height:40px\" aria-hidden=\"true\" class=\"wp-block-spacer\"><\/div>\n<\/div><\/div>\n\n\n\n<p class=\"has-text-align-center has-nv-site-bg-color has-text-color has-small-font-size\"><strong>Global &amp;<kbd> <\/kbd>Local Audit SL &#8211; Copyright 2023.<\/strong><br><a href=\"https:\/\/www.gl-audit.com\/index.php\/politica-privacidad\/\"><strong>Pol\u00edtica de privacidad.<\/strong><\/a><\/p>\n<\/div><\/div>\n","protected":false},"excerpt":{"rendered":"","protected":false},"author":1,"featured_media":0,"parent":0,"menu_order":0,"comment_status":"closed","ping_status":"closed","template":"","meta":{"neve_meta_sidebar":"","neve_meta_container":"","neve_meta_enable_content_width":"","neve_meta_content_width":0,"neve_meta_title_alignment":"","neve_meta_author_avatar":"","neve_post_elements_order":"","neve_meta_disable_header":"","neve_meta_disable_footer":"on","neve_meta_disable_title":"on","footnotes":""},"class_list":["post-132","page","type-page","status-publish","hentry"],"_links":{"self":[{"href":"https:\/\/www.gl-audit.com\/index.php\/wp-json\/wp\/v2\/pages\/132","targetHints":{"allow":["GET"]}}],"collection":[{"href":"https:\/\/www.gl-audit.com\/index.php\/wp-json\/wp\/v2\/pages"}],"about":[{"href":"https:\/\/www.gl-audit.com\/index.php\/wp-json\/wp\/v2\/types\/page"}],"author":[{"embeddable":true,"href":"https:\/\/www.gl-audit.com\/index.php\/wp-json\/wp\/v2\/users\/1"}],"replies":[{"embeddable":true,"href":"https:\/\/www.gl-audit.com\/index.php\/wp-json\/wp\/v2\/comments?post=132"}],"version-history":[{"count":30,"href":"https:\/\/www.gl-audit.com\/index.php\/wp-json\/wp\/v2\/pages\/132\/revisions"}],"predecessor-version":[{"id":450,"href":"https:\/\/www.gl-audit.com\/index.php\/wp-json\/wp\/v2\/pages\/132\/revisions\/450"}],"wp:attachment":[{"href":"https:\/\/www.gl-audit.com\/index.php\/wp-json\/wp\/v2\/media?parent=132"}],"curies":[{"name":"wp","href":"https:\/\/api.w.org\/{rel}","templated":true}]}}