{"id":129,"date":"2023-08-07T10:38:02","date_gmt":"2023-08-07T08:38:02","guid":{"rendered":"https:\/\/www.gl-audit.com\/?page_id=129"},"modified":"2023-08-08T12:29:46","modified_gmt":"2023-08-08T10:29:46","slug":"auditorias-y-control","status":"publish","type":"page","link":"https:\/\/www.gl-audit.com\/index.php\/auditorias-y-control\/","title":{"rendered":"Auditorias y Control"},"content":{"rendered":"\n<div class=\"wp-block-cover alignfull is-light\" style=\"min-height:600px;aspect-ratio:unset;\"><span aria-hidden=\"true\" class=\"wp-block-cover__background has-nv-light-bg-background-color has-background-dim-100 has-background-dim\"><\/span><div class=\"wp-block-cover__inner-container is-layout-flow wp-block-cover-is-layout-flow\">\n<div class=\"wp-block-group alignfull\"><div class=\"wp-block-group__inner-container is-layout-flow wp-block-group-is-layout-flow\">\n<div style=\"height:80px\" aria-hidden=\"true\" class=\"wp-block-spacer\"><\/div>\n\n\n\n<div class=\"wp-block-columns are-vertically-aligned-center is-layout-flex wp-container-core-columns-is-layout-9d6595d7 wp-block-columns-is-layout-flex\">\n<div class=\"wp-block-column is-vertically-aligned-center is-layout-flow wp-block-column-is-layout-flow\" style=\"flex-basis:50%\"><div class=\"wp-block-image size-large\">\n<figure class=\"alignright is-resized\"><img loading=\"lazy\" decoding=\"async\" src=\"https:\/\/www.gl-audit.com\/wp-content\/uploads\/2023\/08\/business-people-meeting-1024x683.jpg\" alt=\"\" class=\"wp-image-436\" width=\"578\" height=\"385\" srcset=\"https:\/\/www.gl-audit.com\/wp-content\/uploads\/2023\/08\/business-people-meeting-1024x683.jpg 1024w, https:\/\/www.gl-audit.com\/wp-content\/uploads\/2023\/08\/business-people-meeting-300x200.jpg 300w, https:\/\/www.gl-audit.com\/wp-content\/uploads\/2023\/08\/business-people-meeting-768x512.jpg 768w, https:\/\/www.gl-audit.com\/wp-content\/uploads\/2023\/08\/business-people-meeting-1536x1024.jpg 1536w, https:\/\/www.gl-audit.com\/wp-content\/uploads\/2023\/08\/business-people-meeting-2048x1365.jpg 2048w, https:\/\/www.gl-audit.com\/wp-content\/uploads\/2023\/08\/business-people-meeting-930x620.jpg 930w\" sizes=\"auto, (max-width: 578px) 100vw, 578px\" \/><\/figure>\n<\/div><\/div>\n\n\n\n<div class=\"wp-block-column is-vertically-aligned-center is-layout-flow wp-block-column-is-layout-flow\" style=\"flex-basis:50%\">\n<h2 class=\"wp-block-heading has-neve-text-color-color has-text-color\">Auditor\u00eda de cuentas anuales:<\/h2>\n\n\n\n<p>Basados en la confianza, la transparencia y la profesionalidad ofrecemos nuestros servicios de auditor\u00eda que van m\u00e1s all\u00e1 de nuestra opini\u00f3n t\u00e9cnica sobre la fiabilidad de los estados financieros y cuentas anuales; aportamos valora a\u00f1adido a nuestros cliente tratando de ir m\u00e1s all\u00e1 de sus expectativas. <\/p>\n\n\n\n<p class=\"has-neve-text-color-color has-text-color\"><strong>Otros \u00e1mbitos de la auditor\u00eda en el sector p\u00fablico:<\/strong><\/p>\n\n\n\n<ul class=\"wp-block-list\">\n<li>Auditor\u00eda de Cumplimiento.<\/li>\n\n\n\n<li>Auditor\u00eda de Regularidad.<\/li>\n\n\n\n<li>Auditor\u00eda Operativa.<\/li>\n\n\n\n<li>Auditor\u00eda de Programas.<\/li>\n<\/ul>\n\n\n\n<p><strong>Auditor\u00eda de Subvenciones en entidades p\u00fablicas y<br>privadas; de fondos europeos, de la AECID, o entidades nacionales.<\/strong><\/p>\n<\/div>\n<\/div>\n\n\n\n<div style=\"height:40px\" aria-hidden=\"true\" class=\"wp-block-spacer\"><\/div>\n<\/div><\/div>\n<\/div><\/div>\n\n\n\n<div class=\"wp-block-cover alignfull is-light\" style=\"min-height:600px;aspect-ratio:unset;\"><span aria-hidden=\"true\" class=\"wp-block-cover__background has-nv-dark-bg-background-color has-background-dim-100 has-background-dim\"><\/span><div class=\"wp-block-cover__inner-container is-layout-flow wp-block-cover-is-layout-flow\">\n<div class=\"wp-block-group\"><div class=\"wp-block-group__inner-container is-layout-flow wp-block-group-is-layout-flow\">\n<div style=\"height:80px\" aria-hidden=\"true\" class=\"wp-block-spacer\"><\/div>\n\n\n\n<div class=\"wp-block-columns are-vertically-aligned-center is-layout-flex wp-container-core-columns-is-layout-9d6595d7 wp-block-columns-is-layout-flex\">\n<div class=\"wp-block-column is-vertically-aligned-center is-layout-flow wp-block-column-is-layout-flow\" style=\"flex-basis:10%\"><\/div>\n\n\n\n<div class=\"wp-block-column is-vertically-aligned-center is-layout-flow wp-block-column-is-layout-flow\" style=\"flex-basis:40%\">\n<h2 class=\"wp-block-heading has-nv-text-dark-bg-color has-text-color\">Colaboraci\u00f3n con los \u00f3rganos de control interno y externo:<\/h2>\n\n\n\n<p class=\"has-nv-site-bg-color has-text-color\">&#8211; Control financiero de entidades dependientes.<\/p>\n\n\n\n<p class=\"has-nv-site-bg-color has-text-color\">&#8211; Control financiero  de beneficiarios de subvenciones.<\/p>\n\n\n\n<p class=\"has-nv-site-bg-color has-text-color\">&#8211; Control financiero  de concesionarios de servicios p\u00fablicos.<\/p>\n\n\n\n<p class=\"has-nv-site-bg-color has-text-color\">&#8211; Fiscalizaci\u00f3n de expedientes, proyectos, servicios, entes dependientes.<\/p>\n\n\n\n<p class=\"has-nv-site-bg-color has-text-color\">&#8211; Colaboraci\u00f3n en el ejercicio de control posterior y control permanente.<\/p>\n\n\n\n<div style=\"height:20px\" aria-hidden=\"true\" class=\"wp-block-spacer\"><\/div>\n<\/div>\n\n\n\n<div class=\"wp-block-column is-vertically-aligned-center is-layout-flow wp-block-column-is-layout-flow\" style=\"flex-basis:40%\">\n<figure class=\"wp-block-image size-large is-resized\"><img loading=\"lazy\" decoding=\"async\" src=\"https:\/\/www.gl-audit.com\/wp-content\/uploads\/2023\/08\/business-adviser-analyzing-financial-figures-denoting-progress-work-company-1024x683.jpg\" alt=\"\" class=\"wp-image-438\" width=\"690\" height=\"459\" srcset=\"https:\/\/www.gl-audit.com\/wp-content\/uploads\/2023\/08\/business-adviser-analyzing-financial-figures-denoting-progress-work-company-1024x683.jpg 1024w, https:\/\/www.gl-audit.com\/wp-content\/uploads\/2023\/08\/business-adviser-analyzing-financial-figures-denoting-progress-work-company-300x200.jpg 300w, https:\/\/www.gl-audit.com\/wp-content\/uploads\/2023\/08\/business-adviser-analyzing-financial-figures-denoting-progress-work-company-768x512.jpg 768w, https:\/\/www.gl-audit.com\/wp-content\/uploads\/2023\/08\/business-adviser-analyzing-financial-figures-denoting-progress-work-company-1536x1024.jpg 1536w, https:\/\/www.gl-audit.com\/wp-content\/uploads\/2023\/08\/business-adviser-analyzing-financial-figures-denoting-progress-work-company-2048x1365.jpg 2048w, https:\/\/www.gl-audit.com\/wp-content\/uploads\/2023\/08\/business-adviser-analyzing-financial-figures-denoting-progress-work-company-930x620.jpg 930w\" sizes=\"auto, (max-width: 690px) 100vw, 690px\" \/><\/figure>\n<\/div>\n<\/div>\n\n\n\n<div style=\"height:40px\" aria-hidden=\"true\" class=\"wp-block-spacer\"><\/div>\n\n\n\n<p class=\"has-text-align-center has-nv-site-bg-color has-text-color has-small-font-size\"><strong>Global &amp;<kbd> <\/kbd>Local Audit SL &#8211; Copyright 2023.<\/strong><br><a href=\"https:\/\/www.gl-audit.com\/index.php\/politica-privacidad\/\"><strong>Pol\u00edtica de privacidad.<\/strong><\/a><\/p>\n<\/div><\/div>\n<\/div><\/div>\n","protected":false},"excerpt":{"rendered":"","protected":false},"author":1,"featured_media":0,"parent":0,"menu_order":0,"comment_status":"closed","ping_status":"closed","template":"","meta":{"neve_meta_sidebar":"","neve_meta_container":"","neve_meta_enable_content_width":"","neve_meta_content_width":0,"neve_meta_title_alignment":"","neve_meta_author_avatar":"","neve_post_elements_order":"","neve_meta_disable_header":"","neve_meta_disable_footer":"on","neve_meta_disable_title":"on","footnotes":""},"class_list":["post-129","page","type-page","status-publish","hentry"],"_links":{"self":[{"href":"https:\/\/www.gl-audit.com\/index.php\/wp-json\/wp\/v2\/pages\/129","targetHints":{"allow":["GET"]}}],"collection":[{"href":"https:\/\/www.gl-audit.com\/index.php\/wp-json\/wp\/v2\/pages"}],"about":[{"href":"https:\/\/www.gl-audit.com\/index.php\/wp-json\/wp\/v2\/types\/page"}],"author":[{"embeddable":true,"href":"https:\/\/www.gl-audit.com\/index.php\/wp-json\/wp\/v2\/users\/1"}],"replies":[{"embeddable":true,"href":"https:\/\/www.gl-audit.com\/index.php\/wp-json\/wp\/v2\/comments?post=129"}],"version-history":[{"count":15,"href":"https:\/\/www.gl-audit.com\/index.php\/wp-json\/wp\/v2\/pages\/129\/revisions"}],"predecessor-version":[{"id":466,"href":"https:\/\/www.gl-audit.com\/index.php\/wp-json\/wp\/v2\/pages\/129\/revisions\/466"}],"wp:attachment":[{"href":"https:\/\/www.gl-audit.com\/index.php\/wp-json\/wp\/v2\/media?parent=129"}],"curies":[{"name":"wp","href":"https:\/\/api.w.org\/{rel}","templated":true}]}}